{"id":453,"date":"2016-03-09T18:35:15","date_gmt":"2016-03-09T17:35:15","guid":{"rendered":"http:\/\/main.fsv-stadeln.de\/?page_id=453"},"modified":"2025-09-10T20:44:46","modified_gmt":"2025-09-10T18:44:46","slug":"verein-chronik","status":"publish","type":"page","link":"https:\/\/www.fsv-stadeln.de\/?page_id=453","title":{"rendered":"Verein &#8211; Chronik"},"content":{"rendered":"<h4>1958 \u2013 Der Anfang<\/h4>\n<p>Der Fu\u00dfball-Sportverein wurde am\u00a0<strong>24. Januar 1958<\/strong>\u00a0in der Waldsch\u00e4nke Stadeln gegr\u00fcndet.<\/p>\n<p>Zu dieser ersten Versammlung trafen sich 42 Sportbegeisterte.<\/p>\n<p>Erster Vorstand des neuen Vereines wurde\u00a0<strong>Peter Rie\u00df<\/strong>.<br \/>\nIn den folgenden 50 Jahren wurde der FSV von engagierten Sportsm\u00e4nnern gef\u00fchrt:<br \/>\n\u2013 von 1959 bis 1960 \u2013\u00a0<strong>Ludwig Hecht<\/strong>;<br \/>\n\u2013 von 1960 bis 1967 \u2013\u00a0<strong>Karl Hirschmann sen.<\/strong>;<br \/>\n\u2013 von 1967 bis 1970 \u2013\u00a0<strong>G\u00fcnter Lang<\/strong>;<br \/>\n\u2013 von 1970 bis 1974 \u2013\u00a0<strong>Erwin Frank<\/strong>;<br \/>\n\u2013 von 1974 bis 2016 \u2013\u00a0<strong>Rudi Hirschmann.<\/strong><\/p>\n<p>Von\u00a0<strong>1974<\/strong>\u00a0bis\u00a0<strong>2016<\/strong>\u00a0stand\u00a0 eine Stadelner Instutition an der Spitze des Vereins \u2013\u00a0<strong>Rudi Hirschmann<\/strong>.<br \/>\nAn der Seite von Rudi Hirschmann war 20 Jahre lang\u00a0<strong>G\u00fcnter Brand<\/strong>\u00a0als 2. Vorstand t\u00e4tig.<br \/>\nEr war danach B\u00fcrgermeister der Stadt F\u00fcrth.<\/p>\n<p class=\"bodytext\">Seit\u00a0<strong>2016<\/strong>\u00a0ist\u00a0<strong>Hermann Lang\u00a0<\/strong>als 1. Vorstand f\u00fcr den FSV verantwortlich. Seine Vorstandskollegen sind Michael Lang, Jochen Winner, Erwin Brunner, Joachim Schrempp, Arno R\u00f6der und Rudi Hirschmann.<\/p>\n<h4>Die 60er \u2013 Das erste Spielfeld und erste Erfolge<\/h4>\n<p class=\"bodytext\">Drei Jahre nach der Gr\u00fcndung des FSVs konnte 1961 der erste Fu\u00dfballplatz (der heutige A-Platz) f\u00fcr den Spielbetrieb freigegeben werden.<\/p>\n<p>Im Jahr\u00a0<strong>1962<\/strong>\u00a0feierte die 1. Mannschaft ihren ersten gro\u00dfen Erfolg, sie wurde\u00a0<strong>Meister der C-Klasse N\u00fcrnberg\/F\u00fcrth<\/strong>\u00a0und konnte dadurch in die\u00a0<strong>B-Klasse<\/strong>\u00a0aufsteigen.<\/p>\n<p>Betriebsam wurde es auch im Umfeld der Sportler. So wurde 1963 beschlossen, ein Sportheim mit Umkleidekabinen zu bauen. Die Einweihung des Sportheimes fand am 15.6.1966 statt.<\/p>\n<p>Da der junge FSV immer mehr Aktive anzog, wurde es auf dem Fu\u00dfballplatz sehr eng. Mit Unterst\u00fctzung der damals noch selbstst\u00e4ndigen Gemeinde Stadeln konnte ein zweites Spielfeld angelegt und den Sportlern 1969 \u00fcbergeben werden.<\/p>\n<p>Auch sportlich ging es aufw\u00e4rts \u2013 die 1. Mannschaft wurde im Spieljahr\u00a0<strong>1963\/64 Meister<\/strong>\u00a0und stieg in die\u00a0<strong>A-Klasse<\/strong>\u00a0auf. Dort etablierte sich die \u201eErste\u201c f\u00fcr die n\u00e4chsten Jahre.<\/p>\n<h4>Die 70er \u2013 Fusionsgedanken, neuer A-Platz und neue Mannschaften<\/h4>\n<p class=\"bodytext\">Platzprobleme und zukunftsorientiertes Denken f\u00fchrten in den Jahren 1971 und 1972 zu intensiven Gespr\u00e4chen mit dem Turnverein Stadeln. Leider konnten die Fusionsgespr\u00e4che nicht auf einen gemeinsamen Nenner gebracht werden. Eine Fusion der beiden Vereine kam nicht zustande.<\/p>\n<p>Daf\u00fcr investierte man in die eigene Sportanlage. 1972 wurde der A-Platz neu angelegt und mit einem Einweihungsspiel am 27. August 1972 er\u00f6ffnet.<br \/>\nGegner war die Vertragsspielermannschaft des FC Schweinfurt 05, gegen die mit 1:8 verloren wurde.<br \/>\nUm auch in der schlechten Jahreszeit trainieren zu k\u00f6nnen, wurde in 1972 der B-Platz mit einer Flutlichanlage ausgestattet.<\/p>\n<p>Neben der\u00a0<strong>1. Mannschaft<\/strong>\u00a0und den\u00a0<strong>Jugendmannschaften<\/strong>\u00a0haben sich zu dieser Zeit noch jede Menge Aktive, Abteilungen und Gruppen gebildet.<br \/>\nDies sind zum Beispiel die Privatmannschaft\u00a0<strong>PM Eichel-Ober<\/strong>\u00a0(gegr\u00fcndet 1963, sp\u00e4ter zum SV Poppenreuth \u00fcbergesiedelt), die Privatmannschaft\u00a0<strong>PM Rot-Wei\u00df<\/strong>\u00a0(gegr\u00fcndet 1966) und die Privatmannschaft\u00a0<strong>PM Noris<\/strong>.<br \/>\nDie\u00a0<strong>AH-Mannschaft<\/strong>\u00a0wurde 1972 gegr\u00fcndet.<\/p>\n<p>Der\u00a0<strong>Damenfu\u00dfball<\/strong>\u00a0im FSV:<br \/>\nDer erste Spielbetrieb begann 1971, wurde 1975 jedoch wieder eingestellt.<br \/>\nDer zweite Versuch wurde 1982 unternommen, war aber leiter auch nicht von langer Dauer. Der Spielbetrieb mu\u00dfte nach einigen Jahren wegen Mangel an Spielerinnen wieder eingestellt werden.<\/p>\n<h4>1977 \u2013 Aufstieg in die Bezirksliga<\/h4>\n<p class=\"bodytext\">Nachdem Verweilen in der A-Klasse strebte die 1. Mannschaft nach h\u00f6heren Zielen und peilte die Bezirksliga an. Das war zu dieser Zeit\u00a0 die f\u00fcnfth\u00f6chste Spielklasse im deutschen Fu\u00dfball.<\/p>\n<p class=\"bodytext\">Die Bem\u00fchungen wurden in der Spielzeit 1976\/77 belohnt, der FSV errang den gr\u00f6\u00dften sportlichen Erfolg seiner jungen Geschichte, er wurde\u00a0<strong>Meister der A-Klasse N\u00fcrnberg\/F\u00fcrth<\/strong>\u00a0und feierte den\u00a0<strong>Aufstieg in die Bezirksliga<\/strong>.<br \/>\nDie Bilanz im Aufstiegsjahr: 30 Spiele, davon 21 gewonnen, 4 unentschieden und nur 5 Spiele verloren.<br \/>\nTrainer der Erfolgsmannschaft war\u00a0<strong>Fred Zippmann<\/strong>.<br \/>\nDer\u00a0<strong>Mannschaftskader<\/strong>\u00a0des Aufsteigers: Norbert Braun, Horst Winter, Karl Hirschmann, Josef Hroch, Klaus Weinhold, Friedrich Pr\u00f6ll, Herbert M\u00fcller, Werner St\u00f6rzer, Herbert Stahr, Franz Strenzl,, Herbert Klaussner, Lothar Kaliner, Rudi Hirschmann und J\u00fcrgen K\u00f6nig.<\/p>\n<p>Leider konnte die Bezirksliga nicht auf Dauer gehalten werden. Aber in der A-Klasse (die heutige Kreisliga) war der FSV f\u00fcr lange Zeit eine feste Gr\u00f6\u00dfe.<\/p>\n<p>Da die beiden Spielfelder<strong>\u00a0<\/strong>f\u00fcr<strong>\u00a0<\/strong>die Fu\u00dfballer nicht mehr ausreichten, begann 1978 die Planung f\u00fcr ein drittes Spielfeld und zus\u00e4tzlich ein eigenes Kleinfeld f\u00fcr unseren Nachwuchs.<br \/>\nNach umfangreichen Arbeiten konnten die beiden neuen Sportpl\u00e4tze im Jahre 1981 in Betrieb genommen werden.<\/p>\n<h4>1981\/1982 \u2013 zwei neue Abteilungen<\/h4>\n<p class=\"bodytext\">1981 wurde die\u00a0<strong>Ski-und Wanderabteilung<\/strong>\u00a0ins Leben gerufen,<br \/>\nim Jahre 1982 folgte die Gr\u00fcndung der\u00a0<strong>Tennisabteilung<\/strong>.<br \/>\nAm 7. M\u00e4rz 1983 wurde mit dem Bau der ersten beiden Tennispl\u00e4tze begonnen.<\/p>\n<h4>1983 \u2013 25 Jahre FSV<\/h4>\n<p class=\"bodytext\">Die Zeit verging wie im Fluge, schon waren 25 Jahre FSV verstrichen.<br \/>\nMit den Feierlichkeiten zum Jubil\u00e4um entstand in der Vereinsentwicklung aber kein Stillstand.<\/p>\n<h4>1988 \u2013 vier neue Tennispl\u00e4tze und der gro\u00dfe Umbau des Sportheims<\/h4>\n<p class=\"bodytext\">1988 erweiterte die Tennisabteilung ihr Platzangebot,<strong>\u00a0vier neue Tennispl\u00e4tze<\/strong>\u00a0konnten in Anwesenheit von\u00a0<strong>B\u00fcrgermeister Horst Weidemann<\/strong>\u00a0ihrer Bestimmung \u00fcbergeben werden.<\/p>\n<p>1989 bis 1991 wurde das lange geplante Vorhaben\u00a0<strong>\u201eSportheim-Renovierung\u201c<\/strong>\u00a0realisiert. Zwei Jahre, in denen die Mitglieder viel Zusammengeh\u00f6rigkeitsgef\u00fchl zeigten.<br \/>\nDas Bauvorhaben hatte es in sich: Umbau und Vergr\u00f6\u00dferung der Gastst\u00e4tte, Neubau von zwei Wohnungen, Neubau von zwei Bundeskegelbahnen, ein Gesch\u00e4ftszimmer und zus\u00e4tzliche Umkleidekabinen. Der Kosten-<br \/>\nvoranschlag belief sich auf 1,5 Mio. DM.<br \/>\nDank enormer Eigenleistungen\u00a0 (etwa 12.000 Stunden) konnten die Bauarbeiten im Mai 1991 abgeschlossen werden, die neue Gastst\u00e4tte wurde zum 1. Juli 1991 verpachtet. Die Kosten f\u00fcr den gesamten Umbau betrugen letztlich \u201enur\u201c 1,277 Mio. DM.<\/p>\n<p>1991 schloss sich dem FSV eine weiter Privatmannschaft an, die<strong>\u00a0IB\/Westphal<\/strong>.<\/p>\n<p>Die \u201eErste\u201c war zwischenzeitlich in die B-Klasse abgestiegen. Doch durch die gute Jugendarbeit haben wir wieder eine bodenst\u00e4ndige Mannschaft aufgebaut. Der Erfolg lie\u00df auch nicht lange auf sich warten. Der\u00a0<strong>Wiederaufstieg\u00a0<\/strong>in die<strong>\u00a0A-Klasse<\/strong>\u00a0folgte in der Saison<strong>1994\/95<\/strong>.<\/p>\n<p>1995 war wieder ein Jahr der baulichen Aktivit\u00e4ten. Der Parkplatz wurde geteert, der B-Platz mit einer neuen Drainage versehen und neu angelegt und der C-Platz erhielt neben einer Drainage auch eine Flutlichtanlage. Es wurden noch einmal 100.000 DM investiert.<\/p>\n<p>In 2002 wurde der FSV mit dem G\u00fctesiegel des Bayerischen Fussballverband, der\u00a0<strong>\u201cSilbernen Raute\u201d<\/strong>ausgezeichnet.<\/p>\n<h4>2003 \u2013 der FSV investiert und w\u00e4chst<\/h4>\n<p class=\"bodytext\">Dank der gro\u00dfz\u00fcgigen Unterst\u00fctzung unseres Sponsors \u2013 der <strong>Familie Lang<\/strong>\u00a0\u2013 konnte in den Jahren 2003 und 2004 ein weiteres Bauvorhaben realisiert werden.<br \/>\nSo entstanden in dem Neubau zwei weitere Umkleidekabinen mit Duschr\u00e4umen, ein Jugendraum und der lange gew\u00fcnschte Fitnessraum, der ein richtiges Schmuckst\u00fcck geworden ist.<\/p>\n<p>Abschlie\u00dfend konnten wir 2006 automatische Beregnungsanlagen f\u00fcr den A-Platz, den B-Platz und das Kleinfeld installieren.<\/p>\n<h4>2005 \u2013 hohe Auszeichnung f\u00fcr Rudi Hirschmann<\/h4>\n<p class=\"bodytext\">Nach Auszeichnungen vom DFB, dem Bayerischen Landessportverband und vom Bayerischen Fussballverband erh\u00e4lt unser 1. Vorstand Rudi Hirschmann das\u00a0<strong>&#8222;Goldene Kleeblatt&#8220;<\/strong>\u00a0der Stadt F\u00fcrth.<\/p>\n<p class=\"bodytext\">Das &#8222;Goldene Kleeblatt&#8220; wurde vom Oberb\u00fcrgermeister der Stadt F\u00fcrth, Herrn Dr. Thomas Jung \u00fcberreicht.<\/p>\n<h4>2007 \u2013 die Tennisabteilung feiert 25-j\u00e4hriges<\/h4>\n<p class=\"bodytext\">Im Jahre 2007 begeht die Tennisabteiling ihr 25-j\u00e4hriges Jubil\u00e4um. Das Jubil\u00e4umsjahr wurde mit vielen Veranstalltungen gefeiert.<br \/>\nAm Jubil\u00e4umsball konnten zahlreiche Ehreng\u00e4ste begr\u00fc\u00dft werden, viele Tennismitglieder wurden geehrt.<\/p>\n<h4>Die erste Fu\u00dfballmanschaft startet durch und der FSV ist im Internet vertreten<strong><br \/>\n<\/strong><\/h4>\n<p class=\"bodytext\">In den zur\u00fcckliegenden Jahren pentelte die erste Fu\u00dfballmanschaft zwischen der Kreisliga und der Kreisklasse, 2003 gelang unter\u00a0<strong>Trainer Thomas Reiser<\/strong>\u00a0der Wiederaufstieg in die Kreisliga.<\/p>\n<p>In der Saison 2006\/2007 wurde der FSV\u00a0<strong>Meister der Kreisliga N\u00fcrnberg\/F\u00fcrth<\/strong>\u00a0und konnte in die\u00a0<strong>Bezirksliga Mittelfranken<\/strong>\u00a0aufsteigen.<br \/>\nDer\u00a0<strong>Mannschaftskader<\/strong>\u00a0des Aufsteigers: Armin Azadan, Nihad Salihovic, Christian Gro\u00dfkopf, Florian Madaisky, Marc Hartmann, Denis Wittmann, Tarek Toksoez, Tobias W\u00f6lfel, Tommaso Cavallo, Maxi Mohr, Christian Oriwoll, Bj\u00f6rn Stefan, Philipp Sch\u00e4uble, Manuel Vigas und Sven Pelz.<br \/>\n<strong>Trainer<\/strong>\u00a0des Erfolgsteam waren Thomas Reiser, Marcelino Mjeda, Erwin Brunner und Norbert Dietsch.<br \/>\n<strong>Betreut<\/strong>\u00a0haben das Team 1. Spielleiter Bernd Mielack, 2. Spielleiter Michael Paul, Chefscout Robert Frank und Masseur Markus Br\u00fctting.<\/p>\n<p>Ein Jahr sp\u00e4ter wurde dies noch einmal getopt. Der Mannschaft gelang \u2013 als 3 ter der Bezirksliga und durch den Sieg im Relegationsspiel \u2013 der Aufstieg in die\u00a0<strong>Bezirksoberliga Mittelfranken<\/strong>.<br \/>\nDies ist die h\u00f6chste Spielklasse, welche der FSV je angeh\u00f6rt hat. Ein sch\u00f6ner Beitrag zum 50-j\u00e4hrigen Vereinsjubil\u00e4um des Fu\u00dfball-Sportvereins in 2008.<\/p>\n<p>Auch an den\u00a0<strong>neuen Medien<\/strong>\u00a0kam man nun in Stadeln nicht mehr vorbei. Die ersten Versuche mit einer eigenen\u00a0<strong>Internetseite<\/strong>\u00a0wurden begonnen. Nach vielen \u00dcberlegungen und eigenen &#8222;Bastelleien&#8220; haben wir professionelle Hilfe gefunden.\u00a0<strong>Stefan K\u00e4\u00dfmann<\/strong>\u00a0hat nach unseren Ideen und W\u00fcnschen einen Internetauftritt entworfen und umgesetzt, der Zeitgem\u00e4\u00df und Informativ \u00fcber den FSV berichtet.<\/p>\n<h4>2008 \u2013 50 Jahre FSV Stadeln<\/h4>\n<p class=\"bodytext\"><strong>Die ersten 50 Jahre sind vor\u00fcber<br \/>\n<\/strong>Im Rahmen einer festlichen Jubil\u00e4umsfeier in der Aula der Stadelner Schule konnte der 1. Vorstand\u00a0<strong>Rudi Hirschmann<\/strong>\u00a0die 50 Jahre FSV Revue basieren lassen.<br \/>\nZahlreiche Ehreng\u00e4ste, wie der Oberb\u00fcrgermeister der Stadt F\u00fcrth,\u00a0<strong>Dr. Thomas Jung<\/strong>, viele Funktion\u00e4re des Bayerischen Fu\u00dfballverbandes, Freunde aus verbundenen Nachbarvereinen und viele Mitglieder und G\u00f6nner feierten dieses Jubil\u00e4um.<br \/>\nRudi Hirschmann ist nunmehr fast 35 Jahre 1. Vorstand des FSV.<\/p>\n<h4>2009 \u2013 Fu\u00dfballmanschaften erfolgreich und gro\u00dfe Ehrung f\u00fcr den Verein<\/h4>\n<p class=\"bodytext\">Die 1. Mannschaft hat ihre erste Saison in der\u00a0<strong>Bezirksoberliga<\/strong>\u00a0mit einem hervorragenden\u00a0<strong>vierten<\/strong>\u00a0Platz beendet.<br \/>\nDie 2. Mannschaft ist \u00fcberlegen\u00a0<strong>Meister<\/strong>\u00a0<strong>der A-Klasse<\/strong>\u00a0geworden und spielt in der n\u00e4chsten Saison in der Kreisklasse.<\/p>\n<p>F\u00fcr unsere Fans wurden am A-Platz 100 bequeme Sitzpl\u00e4tze angebracht und der C-Platz wurde mit einer automatische Beregungsanlage ausgestattet.<\/p>\n<p>Zum Abschluss des Jahres wurde dem FSV eine gro\u00dfe Ehre zuteil, der\u00a0<strong>Bayerische Fussballverband\u00a0<\/strong>verlieh dem FSV die<strong>\u00a0\u201cgoldene Raute\u201d<\/strong>.<\/p>\n<h4>2010 bis 2016 \u2013 Aufstieg in die Landesliga!<\/h4>\n<p class=\"bodytext\">Die 1. Mannschaft hat nach dem Aufstieg 2008 nun vier erfolgreiche Spielzeiten in der Bezirksoberliga verbracht. Zum Abschluss gen\u00fcgte ein 9 ter Platz\u00a0<strong>und nach zwei denkw\u00fcrdigen Relegationsspielen gegen den SV 73 N\u00fcrnberg-S\u00fcd vor der Rekordkulisse von \u00fcber 1500 Fans gelang der Aufstieg in die Landesliga.<\/strong><\/p>\n<p class=\"bodytext\"><strong>Die Helden des FSV beim Aufstieg 2012 in die Landesliga:<\/strong><\/p>\n<p class=\"bodytext\"><strong>Die Mannschaft:<\/strong>\u00a0Christian Oriwoll, Max Erk, Armin Azadan, Bastian Perlitz, Heiko Pfeifer, Markus Theil, Sascha Traut, Sebastian Spahn, Christoph Wania, Tobias W\u00f6lfel, J\u00fcrgen Berber, Franz Ell, Mathias Ferstl, Kuno Kessler, Dennis Laschet, Andreas Popescu, Fuat Kolukisaoglu, Ergin \u00dcst\u00fcnay, Thilo Abudo, Cristian Barb, Simon Berle, Gerhard Strobel, Manuel Vigas.<br \/>\n<strong>Das Trainerteam:<\/strong>\u00a0Armin Azadan, Sven Pelz und TW-Trainer Norbert Dietsch.<br \/>\n<strong>Das Funktionsteam<\/strong>: mit 1ten Spielleiter Bernd Mielack, 2ten Spielleiter Michael Paul, Scout Robert Frank, Physio M. Br\u00fctting, den Kassieren Waltraud Hirschmann und Werner Mikutta, dem FSV-aktuell Berichterstatter Dieter M\u00f6llmann und nicht zuletzt unsere Stadionsprecher Thomas Malter und J\u00fcrgen Hirschmann.<br \/>\n<strong>Und unsere Vorst\u00e4nde<\/strong>\u00a0Rudi Hirschmann, Jochen Winner und Erwin Brunner<\/p>\n<p>Ein kleiner Wermutstropfen passte nicht so recht in das Bild der FSV Familie. Trainer\u00a0<strong>Thomas Reiser<\/strong>\u00a0hat nach \u00fcber 9 Jahren sein Traineramt in Februar 2012 niedergelegt.<br \/>\n<strong>Vielen Dank an Thomas f\u00fcr die vielen H\u00f6hepunkte mit 3 Aufstiegen in seiner Amtszeit!<\/strong><\/p>\n<p class=\"bodytext\">Die 2. Mannschaft hat sich mittlerweise in der Kreisklasse etabliert, die Zukunft wird zeigen, ob auch die Kreisliga ein Thema werden k\u00f6nnte.<\/p>\n<p class=\"bodytext\">In 2012 wurde auch der C-Platz neu angelegt, der FSV hat jetzt 3 Rasenpl\u00e4tze in Top-Qualit\u00e4t.<\/p>\n<h4 class=\"docx_einfabs\">2016 \u2013 Abstieg in die Bezirksliga<\/h4>\n<p class=\"docx_einfabs\">Vier Jahre hat das Abenteuer Landesliga gedauert, in der Saison 2015\/2016 musste der FSV nach Relegation zur\u00fcck in die Bezirksliga.<\/p>\n<p class=\"docx_einfabs\">Dort will sich der Verein mit eigenen Talenten und mit vielen Derbys neu aufstellen.<\/p>\n<h4 class=\"docx_einfabs\">2019 \u2013 R\u00fcckkehr in die Landesliga<\/h4>\n<p class=\"docx_einfabs\">Der FSV hat es geschafft. Die Mannschaft von Trainer <strong>Manni Dedaj<\/strong> ist durch ein souver\u00e4nes 4 : 1 gegen den Landeslisten SV Etzenricht wieder in die Landesliga zur\u00fcckgekehrt.<\/p>\n<p class=\"docx_einfabs\">Drei Jahre hat der FSV in der Bezirksliga Mittelfranken gespielt und nach der Vizemeisterschaft in der Saison 2018\/2019 und den Relegationsspielen gegen Wei\u00dfenburg und Etzenricht ist der <strong>Aufstieg<\/strong> gegl\u00fcckt.<\/p>\n<h4 class=\"docx_einfabs\">2020 bis 2023 \u2013 Gro\u00dfe Investitionen und neue Mitglieder<\/h4>\n<p class=\"docx_einfabs\">Die in die Jahre gekommenen Umkleide- und Duschr\u00e4ume waren nicht mehr zeitgem\u00e4\u00df.<\/p>\n<p class=\"docx_einfabs\">Mitte 2020 (w\u00e4hrend der Corona-Pandemie) begannen die <strong>Umbauarbeiten<\/strong>, der alte Kabinentrakt wurde komplett entkernt, an dieser Stelle entstand ein <strong>moderner Multifunktionsraum, 2 neue Kabinen<\/strong> und ein <strong>neuer Raum f\u00fcr unseren Stadionsprecher.<\/strong><\/p>\n<p class=\"docx_einfabs\">Der neue Multifunktionsraumraum konnte im Juli 2021 \u00fcbergeben werden.<\/p>\n<p class=\"docx_einfabs\"><strong>Weitere 4 neue Kabinen und Duschr\u00e4ume<\/strong> wurden im benachbarten Geb\u00e4ude untergebracht.<\/p>\n<p class=\"docx_einfabs\">Durch unseren neuen Multifunktionsraum wurde auch eine neue Abteilung gegr\u00fcndet. Seit 2021 wird beim <strong>FSV Dart<\/strong> gespielt.<br \/>\nAuch weitere sportliche Aktivit\u00e4ten wie <strong>Qi Gong, Poweryoga<\/strong> und <strong>Zumba<\/strong> finden dort statt.<\/p>\n<p class=\"docx_einfabs\">Und auch im Fu\u00dfballbereich konnten wir eine neue Mannschaft begr\u00fc\u00dfen.<\/p>\n<p class=\"docx_einfabs\">Vom TSV Burgfarrnbach <strong>wechselte 2019 ein komplettes Team nach Stadeln<\/strong>. Mit Trainer <strong>Perry Br\u00e4utigam<\/strong> startete das neue Team in der B-Klasse und spielt nach zwei Aufstiegen als Dritte Mannschaft in der Kreisklasse.<\/p>\n<h4 class=\"docx_einfabs\">Kunstrasen am C-Platz<\/h4>\n<p class=\"docx_einfabs\">2023 wurde ein lange gehegter Traum realisiert. Am Standort des C-Platzes wurde ein <strong>moderner Kunstrasenplatz<\/strong> angelegt. Nach 4 Monaten Baut\u00e4tigkeiten konnte das neue Spielfeld am 11. Juli 2023 den Sportlern \u00fcbergeben werden. Zur Einweihung konnte unser Erster Vorstand Hermann Lang den Oberb\u00fcrgermeister der Stadt F\u00fcrth Dr. Thomas Jung und den 2. B\u00fcrgermeister Markus Braun in Stadeln begr\u00fc\u00dfen.<\/p>\n<p class=\"docx_einfabs\">Ein gro\u00dfes Dankesch\u00f6n an unsere Vorstandschaft f\u00fcr diese mutige Investition.<\/p>\n<h4>2024 Aufstieg unserer 3ten in die Kreisliga und weitere Umbauaktivit\u00e4ten<\/h4>\n<p>2024 hat unsere 3te Mannschaft den Aufstieg in die Kreisliga geschafft. Durch Platz 3 nach Ablauf der Spielzeit und zwei erfolgreichen Relegationsspielen konnte unsere dritte Mannschaft den Aufstieg in die Kreisliga N\u00fcrnberg feiern.<br \/>\n<strong>Herzlichen Gl\u00fcckwunsch an Trainer Perry Br\u00e4utigam<\/strong> und seiner Mannschaft!<\/p>\n<p>Auch am Vereinsgel\u00e4nde wurden wieder Umbauma\u00dfnahmen durchgef\u00fchrt.<br \/>\nDie in die Jahre gekommenen Kegelbahnen wurden demontiert, an dieser Stelle erh\u00e4lt unsere Dart-Abteilung einen eigenen Raum zum Training und f\u00fcr den Wettkampf.<br \/>\nUnd zwei weitere Umkleidekabinen mit Duschraum wurden realisiert.<\/p>\n<h4>2025 \u2013 Stadeln feiert, der FSV hat den Aufstieg in die Bayernliga geschafft<\/h4>\n<p>Nach einer sehr erfolgreichen R\u00fcckrunde hat unsere erste Mannschaft Platz 2 in der Landesliga erreicht, damit war die Relegation zur Bayernliga m\u00f6glich.<br \/>\nMit toller Leistung in den vier Relegationspartien gegen M\u00fcnchberg und den TUS Frammersbach ist unser FSV erstmalig in der Vereinsgeschichte in die Bayernliga aufgestiegen.<br \/>\nHerzlichen Gl\u00fcckwunsch an die Mannschaft, das Trainerteam um <strong>Manni Dedaj<\/strong> und unsere gesamte Vorstandschaft.<\/p>\n<p>Auch unsere A-Jugend war erfolgreich, sie wurde Meister der Aufstiegsrunde und spielt n\u00e4chste Saison in der Bezirksoberliga.<\/p>\n<h4 class=\"docx_einfabs\"><span id=\"_GoBack\"><\/span>Heute<\/h4>\n<p class=\"docx_einfabs\">Der FSV hat im Jahre 2025 insgesamt 1150 Mitglieder, davon 457 Kinder und Jugendliche.<\/p>\n<p class=\"docx_einfabs\">Die 1. Mannschaft spielt in der Bayernliga, die 2. Mannschaft spielt in der Kreisliga, die 3. Mannschaft ist leider abgestiegen.<\/p>\n<p>Und, wir haben wieder eine Damenmannschaft.<\/p>\n<p class=\"docx_einfabs\">Besonders stolz sind wir, dass im Jugendbereich alle Altersgruppen \u2013 von den Kleinsten, den G-Junioren bis hin zu den A-Junioren \u2013 darunter 6 M\u00e4dchenmannschaften \u2013 am Spielbetrieb des BFV teilnehmen, 45 ehrenamtliche Trainer und Betreuer k\u00fcmmern sich um unseren Nachwuchs.<br \/>\nDas ist in der heutigen Zeit nicht selbstverst\u00e4ndlich.<br \/>\n2 Rasenpl\u00e4tze und 1 Kunstrasenplatz sowie 1 Kleinfeld stehen unseren Mitgliedern zur Verf\u00fcgung auf denen 5 Senioren- und 23 Jugendfu\u00dfballmannschaften spielen.<\/p>\n<p class=\"docx_einfabs\">Die Tennisabteilung unterh\u00e4lt 6 Tennispl\u00e4tze, auf denen 14 Mannschaften im Punktspielbetrieb aktiv sind.<\/p>\n<p class=\"docx_einfabs\">Ein kleines Schatzk\u00e4stchen ist mittlerweile unser <strong>modern ausgestattetes Fitness-Studio<\/strong> geworden, das von knapp 100 Mitgliedern eifrig benutzt wird.<\/p>\n<p class=\"docx_einfabs\">Viele ehrenamtliche Helfer unterst\u00fctzen den Verein, ob im Junioren- oder Seniorenbereich, sei es als Funktion\u00e4r, als Trainer, Betreuer oder wenn am Vereinsanwesen etwas zu tun ist. Ohne diese vielen hilfreichen H\u00e4nde ist ein Verein nicht \u00fcberlebensf\u00e4hig!<\/p>\n<h4 class=\"docx_einfabs\">Die Zukunft<\/h4>\n<p class=\"docx_einfabs\">Ein weiser Mann sagte vor vielen Jahren:<\/p>\n<p class=\"docx_einfabs\">\u201eVereinsbesitz ist leichter zu erstellen als zu erhalten\u201c.<\/p>\n<p class=\"docx_einfabs\">Das konnte auch der FSV in 67 Jahren des Bestehens feststellen.<\/p>\n<p class=\"docx_einfabs\">Dank der vorherrschenden Kameradschaft finden sich immer wieder Mitglieder, die in Ihrer Freizeit Ehrenamtlich Mannschaften trainieren und betreuen.<\/p>\n<p class=\"docx_einfabs\">Auch zum Arbeitsdienst treffen sich immer wieder etliche Freiwillige, so dass der gute Zustand unserer Vereinsanlagen Bestand hat.<\/p>\n<h4 class=\"docx_einfabs\">Ein Fazit<\/h4>\n<p class=\"docx_einfabs\">Der FSV hat eine engagierte Vorstandschaft, es wird guter Amateurfu\u00dfball geboten, das Sportheim, die Funktionsr\u00e4ume und die Sportanlagen sind in einem Top-Zustand.<\/p>\n<p class=\"docx_einfabs\">Unser Wunsch ist es, dass dies auch in Zukunft erhalten bleibt.<\/p>\n","protected":false},"excerpt":{"rendered":"<p>1958 \u2013 Der Anfang Der Fu\u00dfball-Sportverein wurde am\u00a024. Januar 1958\u00a0in der Waldsch\u00e4nke Stadeln gegr\u00fcndet. Zu dieser ersten Versammlung trafen sich 42 Sportbegeisterte. Erster Vorstand des neuen Vereines wurde\u00a0Peter Rie\u00df. In den folgenden 50 Jahren wurde der FSV von engagierten Sportsm\u00e4nnern gef\u00fchrt: \u2013 von 1959 bis 1960 \u2013\u00a0Ludwig Hecht; \u2013 von 1960 bis 1967 \u2013\u00a0Karl Hirschmann sen.; \u2013 von 1967 bis [&hellip;]<\/p>\n","protected":false},"author":1,"featured_media":0,"parent":0,"menu_order":0,"comment_status":"closed","ping_status":"closed","template":"","meta":{"_monsterinsights_skip_tracking":false,"_monsterinsights_sitenote_active":false,"_monsterinsights_sitenote_note":"","_monsterinsights_sitenote_category":0,"footnotes":""},"class_list":["post-453","page","type-page","status-publish","hentry"],"aioseo_notices":[],"_links":{"self":[{"href":"https:\/\/www.fsv-stadeln.de\/index.php?rest_route=\/wp\/v2\/pages\/453","targetHints":{"allow":["GET"]}}],"collection":[{"href":"https:\/\/www.fsv-stadeln.de\/index.php?rest_route=\/wp\/v2\/pages"}],"about":[{"href":"https:\/\/www.fsv-stadeln.de\/index.php?rest_route=\/wp\/v2\/types\/page"}],"author":[{"embeddable":true,"href":"https:\/\/www.fsv-stadeln.de\/index.php?rest_route=\/wp\/v2\/users\/1"}],"replies":[{"embeddable":true,"href":"https:\/\/www.fsv-stadeln.de\/index.php?rest_route=%2Fwp%2Fv2%2Fcomments&post=453"}],"version-history":[{"count":9,"href":"https:\/\/www.fsv-stadeln.de\/index.php?rest_route=\/wp\/v2\/pages\/453\/revisions"}],"predecessor-version":[{"id":7748,"href":"https:\/\/www.fsv-stadeln.de\/index.php?rest_route=\/wp\/v2\/pages\/453\/revisions\/7748"}],"wp:attachment":[{"href":"https:\/\/www.fsv-stadeln.de\/index.php?rest_route=%2Fwp%2Fv2%2Fmedia&parent=453"}],"curies":[{"name":"wp","href":"https:\/\/api.w.org\/{rel}","templated":true}]}}