{"id":32,"date":"2016-02-24T22:02:44","date_gmt":"2016-02-24T21:02:44","guid":{"rendered":"http:\/\/main.fsv-stadeln.de\/?page_id=32"},"modified":"2025-02-11T19:21:42","modified_gmt":"2025-02-11T18:21:42","slug":"1b-westphal","status":"publish","type":"page","link":"https:\/\/www.fsv-stadeln.de\/?page_id=32","title":{"rendered":"Fu\u00dfball &#8211; IB Westphal"},"content":{"rendered":"<p><img loading=\"lazy\" decoding=\"async\" class=\"alignnone size-full wp-image-7528\" src=\"https:\/\/www.fsv-stadeln.de\/wp-content\/uploads\/2025\/02\/Mannschaft-2024.jpg\" alt=\"\" width=\"1600\" height=\"1067\" srcset=\"https:\/\/www.fsv-stadeln.de\/wp-content\/uploads\/2025\/02\/Mannschaft-2024.jpg 1600w, https:\/\/www.fsv-stadeln.de\/wp-content\/uploads\/2025\/02\/Mannschaft-2024-300x200.jpg 300w, https:\/\/www.fsv-stadeln.de\/wp-content\/uploads\/2025\/02\/Mannschaft-2024-1024x683.jpg 1024w, https:\/\/www.fsv-stadeln.de\/wp-content\/uploads\/2025\/02\/Mannschaft-2024-768x512.jpg 768w, https:\/\/www.fsv-stadeln.de\/wp-content\/uploads\/2025\/02\/Mannschaft-2024-1536x1024.jpg 1536w\" sizes=\"auto, (max-width: 1600px) 100vw, 1600px\" \/><\/p>\n<p>Die IB\/Westphal spielt aktuell in der Helmut Brunner Freizeitliga Klasse.<\/p>\n<hr \/>\n<p><strong>Trainer Team:<br \/>\n<\/strong><\/p>\n<p>Arno R\u00f6der (Spielrundenleiter) 01792184360<br \/>\nMathias Hofmann (Spielertrainer) 015901750023<br \/>\nAaron Weigel 01726324222<br \/>\nJ\u00fcrgen B\u00f6lian 01743108571<\/p>\n<p><strong>Trainingszeiten:<\/strong><br \/>\nFreitag 19-20:30<\/p>\n<p>Spiele am Sonntag Morgen<\/p>\n<hr \/>\n<p><a href=\"http:\/\/main.fsv-stadeln.de\/?page_id=645\">Spielbetrieb<\/a>\u00a0&#8211; <a href=\"http:\/\/main.fsv-stadeln.de\/?page_id=61\">Chronik<\/a><\/p>\n<p>&nbsp;<\/p>\n","protected":false},"excerpt":{"rendered":"<p>Die IB\/Westphal spielt aktuell in der Helmut Brunner Freizeitliga Klasse. Trainer Team: Arno R\u00f6der (Spielrundenleiter) 01792184360 Mathias Hofmann (Spielertrainer) 015901750023 Aaron Weigel 01726324222 J\u00fcrgen B\u00f6lian 01743108571 Trainingszeiten: Freitag 19-20:30 Spiele am Sonntag Morgen Spielbetrieb\u00a0&#8211; Chronik &nbsp;<\/p>\n","protected":false},"author":1,"featured_media":0,"parent":0,"menu_order":0,"comment_status":"closed","ping_status":"closed","template":"","meta":{"_monsterinsights_skip_tracking":false,"_monsterinsights_sitenote_active":false,"_monsterinsights_sitenote_note":"","_monsterinsights_sitenote_category":0,"footnotes":""},"class_list":["post-32","page","type-page","status-publish","hentry"],"aioseo_notices":[],"_links":{"self":[{"href":"https:\/\/www.fsv-stadeln.de\/index.php?rest_route=\/wp\/v2\/pages\/32","targetHints":{"allow":["GET"]}}],"collection":[{"href":"https:\/\/www.fsv-stadeln.de\/index.php?rest_route=\/wp\/v2\/pages"}],"about":[{"href":"https:\/\/www.fsv-stadeln.de\/index.php?rest_route=\/wp\/v2\/types\/page"}],"author":[{"embeddable":true,"href":"https:\/\/www.fsv-stadeln.de\/index.php?rest_route=\/wp\/v2\/users\/1"}],"replies":[{"embeddable":true,"href":"https:\/\/www.fsv-stadeln.de\/index.php?rest_route=%2Fwp%2Fv2%2Fcomments&post=32"}],"version-history":[{"count":25,"href":"https:\/\/www.fsv-stadeln.de\/index.php?rest_route=\/wp\/v2\/pages\/32\/revisions"}],"predecessor-version":[{"id":7529,"href":"https:\/\/www.fsv-stadeln.de\/index.php?rest_route=\/wp\/v2\/pages\/32\/revisions\/7529"}],"wp:attachment":[{"href":"https:\/\/www.fsv-stadeln.de\/index.php?rest_route=%2Fwp%2Fv2%2Fmedia&parent=32"}],"curies":[{"name":"wp","href":"https:\/\/api.w.org\/{rel}","templated":true}]}}