{"id":315,"date":"2016-03-06T16:53:24","date_gmt":"2016-03-06T15:53:24","guid":{"rendered":"http:\/\/main.fsv-stadeln.de\/?page_id=315"},"modified":"2016-03-06T17:11:17","modified_gmt":"2016-03-06T16:11:17","slug":"leitbild","status":"publish","type":"page","link":"https:\/\/www.fsv-stadeln.de\/?page_id=315","title":{"rendered":"Verein &#8211; Leitbild"},"content":{"rendered":"<h4>Von Stadeln f\u00fcr Stadeln<\/h4>\n<p>Unser 1958 als reiner Fu\u00dfballsportverein gegr\u00fcndeter Zusammenschluss sportbegeisterter junger M\u00e4nner bietet heute vielen Menschen in Stadeln und Umgebung eine sportliche Heimat.<br \/>\nNeben dem Fu\u00dfball geh\u00f6ren auch noch eine Tennis- und eine Fitnessabteilung zu unserem Angebot.<\/p>\n<p>Neben den sportlichen Aktivit\u00e4ten ist es unser Anspruch, den Gemeinschaftssinn zu f\u00f6rdern, einen starken Zusammenhalt zu entwickeln und unseren Verein als FSV-Familie zu sehen.<\/p>\n<p>Die Werte Fair-Play, Toleranz, Respekt und Integration haben einen hohen Stellenwert in unserem Selbstverst\u00e4ndnis. Deshalb sollen Alt und Jung, gleich welchen Geschlechts und gleich welcher Nationalit\u00e4t, bei uns ihre sportliche und gesellschaftliche Heimat finden.<\/p>\n<p>Unser Selbstbewusstsein sch\u00f6pfen wir aus unserer langen Tradition. Diese begr\u00fcndet sich auf gro\u00dfe sportliche Erfolge und einem seit jeher festen Platz im Stadelner Gemeinwesen.<\/p>\n<p>Wir wollen ein attraktiver Verein sein, sowohl f\u00fcr unsere Sportler und Mitglieder, als auch f\u00fcr unsere Zuschauer und G\u00e4ste.<\/p>\n<p>Wir sehen uns als Breitensportverein mit einem Leistungsanspruch im Seniorenbereich, um in Stadeln m\u00f6glichst hochklassigen Amateurfu\u00dfball anzubieten. Unser besonderes Augenmerk liegt auf der Jugendarbeit. Basierend auf einem ganzheitlichen Ansatz sollen die Jugendlichen sowohl auf sportlicher als auch auf sozialer Ebene gef\u00f6rdert und gefordert werden.<\/p>\n<p>Um dies zu erm\u00f6glichen legen wir gro\u00dfen Wert auf optimale Rahmenbedingungen. Dies umfasst das Bereitstellen ausreichender und gut gepflegter Sportanlagen, eine gute Ausr\u00fcstung der Sportler, und setzt einen hohen Qualit\u00e4tsanspruch an unsere Trainer und Mitarbeiter voraus.<\/p>\n<p>Das Fundament f\u00fcr das sportliche Engagement liegt auf einer best\u00e4ndigen Vereinspolitik, in der solides Wirtschaften und finanzielle Unabh\u00e4ngigkeit von Fremdkapitalgebern an erster Stelle stehen.<\/p>\n<p>Ziel unseres Wirkens \u2013 von Stadeln f\u00fcr Stadeln \u2013 ist es, unseren sportlichen und sozialen Auftrag nicht nur im Hier und Jetzt zu erf\u00fcllen, sondern auch noch morgen und \u00fcbermorgen.<\/p>\n<p>&nbsp;<\/p>\n","protected":false},"excerpt":{"rendered":"<p>Von Stadeln f\u00fcr Stadeln Unser 1958 als reiner Fu\u00dfballsportverein gegr\u00fcndeter Zusammenschluss sportbegeisterter junger M\u00e4nner bietet heute vielen Menschen in Stadeln und Umgebung eine sportliche Heimat. Neben dem Fu\u00dfball geh\u00f6ren auch noch eine Tennis- und eine Fitnessabteilung zu unserem Angebot. Neben den sportlichen Aktivit\u00e4ten ist es unser Anspruch, den Gemeinschaftssinn zu f\u00f6rdern, einen starken Zusammenhalt zu entwickeln und unseren Verein als [&hellip;]<\/p>\n","protected":false},"author":1,"featured_media":0,"parent":0,"menu_order":0,"comment_status":"closed","ping_status":"closed","template":"","meta":{"_monsterinsights_skip_tracking":false,"_monsterinsights_sitenote_active":false,"_monsterinsights_sitenote_note":"","_monsterinsights_sitenote_category":0,"footnotes":""},"class_list":["post-315","page","type-page","status-publish","hentry"],"aioseo_notices":[],"_links":{"self":[{"href":"https:\/\/www.fsv-stadeln.de\/index.php?rest_route=\/wp\/v2\/pages\/315","targetHints":{"allow":["GET"]}}],"collection":[{"href":"https:\/\/www.fsv-stadeln.de\/index.php?rest_route=\/wp\/v2\/pages"}],"about":[{"href":"https:\/\/www.fsv-stadeln.de\/index.php?rest_route=\/wp\/v2\/types\/page"}],"author":[{"embeddable":true,"href":"https:\/\/www.fsv-stadeln.de\/index.php?rest_route=\/wp\/v2\/users\/1"}],"replies":[{"embeddable":true,"href":"https:\/\/www.fsv-stadeln.de\/index.php?rest_route=%2Fwp%2Fv2%2Fcomments&post=315"}],"version-history":[{"count":5,"href":"https:\/\/www.fsv-stadeln.de\/index.php?rest_route=\/wp\/v2\/pages\/315\/revisions"}],"predecessor-version":[{"id":324,"href":"https:\/\/www.fsv-stadeln.de\/index.php?rest_route=\/wp\/v2\/pages\/315\/revisions\/324"}],"wp:attachment":[{"href":"https:\/\/www.fsv-stadeln.de\/index.php?rest_route=%2Fwp%2Fv2%2Fmedia&parent=315"}],"curies":[{"name":"wp","href":"https:\/\/api.w.org\/{rel}","templated":true}]}}